{"id":9191,"date":"2022-01-06T14:03:21","date_gmt":"2022-01-06T14:03:21","guid":{"rendered":"https:\/\/cav.uv.cl\/?page_id=9191"},"modified":"2022-07-06T02:19:35","modified_gmt":"2022-07-06T02:19:35","slug":"actividades-colegios","status":"publish","type":"page","link":"https:\/\/cav.uv.cl\/en\/actividades-colegios\/","title":{"rendered":"Actividades en Colegios"},"content":{"rendered":"\t\t<div data-elementor-type=\"wp-page\" data-elementor-id=\"9191\" class=\"elementor elementor-9191\">\n\t\t\t\t\t\t\t\t\t<section class=\"elementor-section elementor-top-section elementor-element elementor-element-5699e932 elementor-section-boxed elementor-section-height-default elementor-section-height-default qodef-elementor-content-no\" data-id=\"5699e932\" data-element_type=\"section\">\n\t\t\t\t\t\t<div class=\"elementor-container elementor-column-gap-default\">\n\t\t\t\t\t<div class=\"elementor-column elementor-col-100 elementor-top-column elementor-element elementor-element-3d3aeaad\" data-id=\"3d3aeaad\" data-element_type=\"column\">\n\t\t\t<div class=\"elementor-widget-wrap elementor-element-populated\">\n\t\t\t\t\t\t\t\t<div class=\"elementor-element elementor-element-15103466 elementor-widget elementor-widget-text-editor\" data-id=\"15103466\" data-element_type=\"widget\" data-widget_type=\"text-editor.default\">\n\t\t\t\t<div class=\"elementor-widget-container\">\n\t\t\t<style>\/*! elementor - v3.6.7 - 03-07-2022 *\/\n.elementor-widget-text-editor.elementor-drop-cap-view-stacked .elementor-drop-cap{background-color:#818a91;color:#fff}.elementor-widget-text-editor.elementor-drop-cap-view-framed .elementor-drop-cap{color:#818a91;border:3px solid;background-color:transparent}.elementor-widget-text-editor:not(.elementor-drop-cap-view-default) .elementor-drop-cap{margin-top:8px}.elementor-widget-text-editor:not(.elementor-drop-cap-view-default) .elementor-drop-cap-letter{width:1em;height:1em}.elementor-widget-text-editor .elementor-drop-cap{float:left;text-align:center;line-height:1;font-size:50px}.elementor-widget-text-editor .elementor-drop-cap-letter{display:inline-block}<\/style>\t\t\t\t<p>Sin costo para los colegios interesados, dirigidos a despertar la curiosidad entre las nuevas generaciones de alumna\/os por la f\u00edsica y astronom\u00eda, y dar a conocer a ella\/os oportunidades ofrecidas por los grandes observatorios internacionales presentes y futuros en el Norte de Chile.<\/p><p>Todas las actividades est\u00e1n a cargo de alumnos avanzados de la carrera Licenciatura de F\u00edsica de la Universidad de Valpara\u00edso, y se efectuar\u00e1n en las salas de clase dentro del colegio durante los horarios habituales de clases en f\u00edsica, matem\u00e1tica u otras ciencias relacionadas. Solo se usar\u00e1 el data show instalado en la sala de clase, no hay otros requerimientos.<\/p><p>* Importante es recalcar que por motivos de Pandemia, todas estas actividades se est\u00e1n realizando v\u00eda Zoom.<\/p>\t\t\t\t\t\t<\/div>\n\t\t\t\t<\/div>\n\t\t\t\t\t<\/div>\n\t\t<\/div>\n\t\t\t\t\t\t\t<\/div>\n\t\t<\/section>\n\t\t\t\t<section class=\"elementor-section elementor-top-section elementor-element elementor-element-9a3e418 elementor-section-boxed elementor-section-height-default elementor-section-height-default qodef-elementor-content-no\" data-id=\"9a3e418\" data-element_type=\"section\">\n\t\t\t\t\t\t<div class=\"elementor-container elementor-column-gap-default\">\n\t\t\t\t\t<div class=\"elementor-column elementor-col-100 elementor-top-column elementor-element elementor-element-f38a070\" data-id=\"f38a070\" data-element_type=\"column\">\n\t\t\t<div class=\"elementor-widget-wrap elementor-element-populated\">\n\t\t\t\t\t\t\t\t<section class=\"elementor-section elementor-inner-section elementor-element elementor-element-ca64bef elementor-section-boxed elementor-section-height-default elementor-section-height-default qodef-elementor-content-no\" data-id=\"ca64bef\" data-element_type=\"section\">\n\t\t\t\t\t\t<div class=\"elementor-container elementor-column-gap-default\">\n\t\t\t\t\t<div class=\"elementor-column elementor-col-100 elementor-inner-column elementor-element elementor-element-c54adcc\" data-id=\"c54adcc\" data-element_type=\"column\" data-settings=\"{&quot;background_background&quot;:&quot;classic&quot;}\">\n\t\t\t<div class=\"elementor-widget-wrap elementor-element-populated\">\n\t\t\t\t\t\t\t\t<div class=\"elementor-element elementor-element-99c7762 elementor-widget elementor-widget-heading\" data-id=\"99c7762\" data-element_type=\"widget\" data-widget_type=\"heading.default\">\n\t\t\t\t<div class=\"elementor-widget-container\">\n\t\t\t<style>\/*! elementor - v3.6.7 - 03-07-2022 *\/\n.elementor-heading-title{padding:0;margin:0;line-height:1}.elementor-widget-heading .elementor-heading-title[class*=elementor-size-]>a{color:inherit;font-size:inherit;line-height:inherit}.elementor-widget-heading .elementor-heading-title.elementor-size-small{font-size:15px}.elementor-widget-heading .elementor-heading-title.elementor-size-medium{font-size:19px}.elementor-widget-heading .elementor-heading-title.elementor-size-large{font-size:29px}.elementor-widget-heading .elementor-heading-title.elementor-size-xl{font-size:39px}.elementor-widget-heading .elementor-heading-title.elementor-size-xxl{font-size:59px}<\/style><h3 class=\"elementor-heading-title elementor-size-default\">Charlas<\/h3>\t\t<\/div>\n\t\t\t\t<\/div>\n\t\t\t\t<div class=\"elementor-element elementor-element-3f838c1 elementor-widget elementor-widget-text-editor\" data-id=\"3f838c1\" data-element_type=\"widget\" data-widget_type=\"text-editor.default\">\n\t\t\t\t<div class=\"elementor-widget-container\">\n\t\t\t\t\t\t\t<p style=\"padding-left: 40px;\">Duraci\u00f3n 45 minutos, incluida una discusi\u00f3n con los estudiantes presentes. Nivel depende del tema, normalmente entre 7timo b\u00e1sico y 4to medio.<\/p><p>Sin costo para los colegios interesados, dirigidos a despertar la curiosidad entre las nuevas generaciones de alumna\/os por la f\u00edsica y astronom\u00eda, y dar a conocer a ella\/os oportunidades ofrecidas por los grandes observatorios internacionales presentes y futuros en el Norte de Chile.<br \/><br \/>Todas las actividades est\u00e1n a cargo de alumnos avanzados de la carrera Licenciatura de F\u00edsica de la Universidad de Valpara\u00edso, y se efectuar\u00e1n en las salas de clase dentro del colegio durante los horarios habituales de clases en f\u00edsica, matem\u00e1tica u otras ciencias relacionadas. Solo se usar\u00e1 el data show instalado en la sala de clase, no hay otros requerimientos.<\/p>\t\t\t\t\t\t<\/div>\n\t\t\t\t<\/div>\n\t\t\t\t<div class=\"elementor-element elementor-element-6747eaf elementor-grid-eael-col-4 elementor-grid-tablet-eael-col-2 elementor-grid-mobile-eael-col-1 elementor-widget elementor-widget-eael-post-grid\" data-id=\"6747eaf\" data-element_type=\"widget\" data-settings=\"{&quot;eael_post_grid_columns&quot;:&quot;eael-col-4&quot;,&quot;eael_post_grid_columns_tablet&quot;:&quot;eael-col-2&quot;,&quot;eael_post_grid_columns_mobile&quot;:&quot;eael-col-1&quot;}\" data-widget_type=\"eael-post-grid.default\">\n\t\t\t\t<div class=\"elementor-widget-container\">\n\t\t\t<div id=\"eael-post-grid-6747eaf\" class=\"eael-post-grid-container\">\n            <div class=\"eael-post-grid eael-post-appender eael-post-appender-6747eaf eael-post-grid-style-default\" data-layout-mode=\"grid\"><p class=\"no-posts-found\">No posts found!<\/p><\/div>\n            <div class=\"clearfix\"><\/div>\n        <\/div>\t\t<\/div>\n\t\t\t\t<\/div>\n\t\t\t\t\t<\/div>\n\t\t<\/div>\n\t\t\t\t\t\t\t<\/div>\n\t\t<\/section>\n\t\t\t\t\t<\/div>\n\t\t<\/div>\n\t\t\t\t\t\t\t<\/div>\n\t\t<\/section>\n\t\t\t\t<section class=\"elementor-section elementor-top-section elementor-element elementor-element-7105d99 elementor-section-boxed elementor-section-height-default elementor-section-height-default qodef-elementor-content-no\" data-id=\"7105d99\" data-element_type=\"section\">\n\t\t\t\t\t\t<div class=\"elementor-container elementor-column-gap-default\">\n\t\t\t\t\t<div class=\"elementor-column elementor-col-100 elementor-top-column elementor-element elementor-element-b205e53\" data-id=\"b205e53\" data-element_type=\"column\">\n\t\t\t<div class=\"elementor-widget-wrap elementor-element-populated\">\n\t\t\t\t\t\t\t\t<section class=\"elementor-section elementor-inner-section elementor-element elementor-element-270e146 elementor-section-boxed elementor-section-height-default elementor-section-height-default qodef-elementor-content-no\" data-id=\"270e146\" data-element_type=\"section\">\n\t\t\t\t\t\t<div class=\"elementor-container elementor-column-gap-default\">\n\t\t\t\t\t<div class=\"elementor-column elementor-col-100 elementor-inner-column elementor-element elementor-element-d19ac68\" data-id=\"d19ac68\" data-element_type=\"column\" data-settings=\"{&quot;background_background&quot;:&quot;classic&quot;}\">\n\t\t\t<div class=\"elementor-widget-wrap elementor-element-populated\">\n\t\t\t\t\t\t\t\t<div class=\"elementor-element elementor-element-dbb2a72 elementor-grid-eael-col-4 elementor-grid-tablet-eael-col-2 elementor-grid-mobile-eael-col-1 elementor-widget elementor-widget-eael-post-grid\" data-id=\"dbb2a72\" data-element_type=\"widget\" data-settings=\"{&quot;eael_post_grid_columns&quot;:&quot;eael-col-4&quot;,&quot;eael_post_grid_columns_tablet&quot;:&quot;eael-col-2&quot;,&quot;eael_post_grid_columns_mobile&quot;:&quot;eael-col-1&quot;}\" data-widget_type=\"eael-post-grid.default\">\n\t\t\t\t<div class=\"elementor-widget-container\">\n\t\t\t<div id=\"eael-post-grid-dbb2a72\" class=\"eael-post-grid-container\">\n            <div class=\"eael-post-grid eael-post-appender eael-post-appender-dbb2a72 eael-post-grid-style-default\" data-layout-mode=\"masonry\"><p class=\"no-posts-found\">No posts found!<\/p><\/div>\n            <div class=\"clearfix\"><\/div>\n        <\/div>\t\t<\/div>\n\t\t\t\t<\/div>\n\t\t\t\t<div class=\"elementor-element elementor-element-5205ab4 elementor-widget elementor-widget-heading\" data-id=\"5205ab4\" data-element_type=\"widget\" data-widget_type=\"heading.default\">\n\t\t\t\t<div class=\"elementor-widget-container\">\n\t\t\t<h3 class=\"elementor-heading-title elementor-size-default\">Talleres<\/h3>\t\t<\/div>\n\t\t\t\t<\/div>\n\t\t\t\t<div class=\"elementor-element elementor-element-9e76a03 elementor-widget elementor-widget-text-editor\" data-id=\"9e76a03\" data-element_type=\"widget\" data-widget_type=\"text-editor.default\">\n\t\t\t\t<div class=\"elementor-widget-container\">\n\t\t\t\t\t\t\tConsiste en una introducci\u00f3n breve y actividades posteriores de los escolares en grupos. Duraci\u00f3n entre 45 y 60 minutos. Nivel entre 1er y 8avo b\u00e1sico, tambi\u00e9n dependiendo del tema.\t\t\t\t\t\t<\/div>\n\t\t\t\t<\/div>\n\t\t\t\t\t<\/div>\n\t\t<\/div>\n\t\t\t\t\t\t\t<\/div>\n\t\t<\/section>\n\t\t\t\t\t<\/div>\n\t\t<\/div>\n\t\t\t\t\t\t\t<\/div>\n\t\t<\/section>\n\t\t\t\t<section class=\"elementor-section elementor-top-section elementor-element elementor-element-498eebe elementor-section-boxed elementor-section-height-default elementor-section-height-default qodef-elementor-content-no\" data-id=\"498eebe\" data-element_type=\"section\">\n\t\t\t\t\t\t<div class=\"elementor-container elementor-column-gap-default\">\n\t\t\t\t\t<div class=\"elementor-column elementor-col-100 elementor-top-column elementor-element elementor-element-fa28d82\" data-id=\"fa28d82\" data-element_type=\"column\">\n\t\t\t<div class=\"elementor-widget-wrap elementor-element-populated\">\n\t\t\t\t\t\t\t\t<section class=\"elementor-section elementor-inner-section elementor-element elementor-element-5a3303e elementor-section-boxed elementor-section-height-default elementor-section-height-default qodef-elementor-content-no\" data-id=\"5a3303e\" data-element_type=\"section\">\n\t\t\t\t\t\t<div class=\"elementor-container elementor-column-gap-default\">\n\t\t\t\t\t<div class=\"elementor-column elementor-col-100 elementor-inner-column elementor-element elementor-element-3e274f3\" data-id=\"3e274f3\" data-element_type=\"column\" data-settings=\"{&quot;background_background&quot;:&quot;classic&quot;}\">\n\t\t\t<div class=\"elementor-widget-wrap elementor-element-populated\">\n\t\t\t\t\t\t\t\t<div class=\"elementor-element elementor-element-62ed1c0 elementor-widget elementor-widget-heading\" data-id=\"62ed1c0\" data-element_type=\"widget\" data-widget_type=\"heading.default\">\n\t\t\t\t<div class=\"elementor-widget-container\">\n\t\t\t<h2 class=\"elementor-heading-title elementor-size-default\">Observaciones astron\u00f3micas<\/h2>\t\t<\/div>\n\t\t\t\t<\/div>\n\t\t\t\t<div class=\"elementor-element elementor-element-a02e6bf elementor-widget elementor-widget-text-editor\" data-id=\"a02e6bf\" data-element_type=\"widget\" data-widget_type=\"text-editor.default\">\n\t\t\t\t<div class=\"elementor-widget-container\">\n\t\t\t\t\t\t\t<p>Llevamos un telescopio port\u00e1til a los colegios, que permite observar en vivo las manchas solares y erupciones. Nivel: 1er b\u00e1sico hasta 4to medio. \u2013 Adem\u00e1s se puede solicitar efectuar sesiones de observaci\u00f3n nocturna con alumnos y profesores de colegios (luna, planetas, cometas, c\u00famulos, nebulosas, etc.) con telescopios port\u00e1tiles, tambi\u00e9n para instruir a los escolares y profesores sobre c\u00f3mo observar.<\/p>\t\t\t\t\t\t<\/div>\n\t\t\t\t<\/div>\n\t\t\t\t\t<\/div>\n\t\t<\/div>\n\t\t\t\t\t\t\t<\/div>\n\t\t<\/section>\n\t\t\t\t\t<\/div>\n\t\t<\/div>\n\t\t\t\t\t\t\t<\/div>\n\t\t<\/section>\n\t\t\t\t<section class=\"elementor-section elementor-top-section elementor-element elementor-element-cb1f3aa elementor-section-boxed elementor-section-height-default elementor-section-height-default qodef-elementor-content-no\" data-id=\"cb1f3aa\" data-element_type=\"section\">\n\t\t\t\t\t\t<div class=\"elementor-container elementor-column-gap-default\">\n\t\t\t\t\t<div class=\"elementor-column elementor-col-100 elementor-top-column elementor-element elementor-element-78d765f\" data-id=\"78d765f\" data-element_type=\"column\">\n\t\t\t<div class=\"elementor-widget-wrap elementor-element-populated\">\n\t\t\t\t\t\t\t\t<div class=\"elementor-element elementor-element-d618899 elementor-widget elementor-widget-heading\" data-id=\"d618899\" data-element_type=\"widget\" data-widget_type=\"heading.default\">\n\t\t\t\t<div class=\"elementor-widget-container\">\n\t\t\t<h3 class=\"elementor-heading-title elementor-size-default\">C\u00f3mo solicitar la realizaci\u00f3n de una o m\u00e1s actividades en su colegio:<\/h3>\t\t<\/div>\n\t\t\t\t<\/div>\n\t\t\t\t<div class=\"elementor-element elementor-element-63fde5a elementor-widget elementor-widget-text-editor\" data-id=\"63fde5a\" data-element_type=\"widget\" data-widget_type=\"text-editor.default\">\n\t\t\t\t<div class=\"elementor-widget-container\">\n\t\t\t\t\t\t\t<p>Sin costo para los colegios interesados, dirigidos a despertar la curiosidad entre las nuevas generaciones de alumna\/os por la f\u00edsica y astronom\u00eda, y dar a conocer a ella\/os oportunidades ofrecidas por los grandes observatorios internacionales presentes y futuros en el Norte de Chile.<\/p><p>Todas las actividades est\u00e1n a cargo de alumnos avanzados de la carrera Licenciatura de F\u00edsica de la Universidad de Valpara\u00edso, y se efectuar\u00e1n en las salas de clase dentro del colegio durante los horarios habituales de clases en f\u00edsica, matem\u00e1tica u otras ciencias relacionadas. Solo se usar\u00e1 el data show instalado en la sala de clase, no hay otros requerimientos.<\/p><p>\u00a0<\/p><p><em><strong>* Importante es recalcar que por motivos de Pandemia, todas estas actividades se est\u00e1n realizando v\u00eda Zoom.<\/strong><\/em><\/p><p style=\"text-align: left;\">1.- Baje el <a href=\"https:\/\/ifa.uv.cl\/wp-content\/uploads\/2019\/10\/formulario_solicitud_charlas.doc\"><strong>formulario de inscripciones<\/strong><\/a>, y ll\u00e9nelo con los datos requeridos (nombre y contacto del solicitante, nombre y direcci\u00f3n del colegio, correos electr\u00f3nicos y tel\u00e9fonos de contacto etc.)<\/p><p style=\"text-align: left;\">2.- Seleccione e indique en el formulario la actividad de su inter\u00e9s (tema de la charla, del taller u observaci\u00f3n astron\u00f3mica).<\/p><p style=\"text-align: left;\">3.- Env\u00ede el formulario a <strong>difusion@ifa.uv.cl<\/strong>.<\/p><p style=\"text-align: left;\">4.- La\/el titular de la charla o taller se contactar\u00e1 al docente solicitante para coordinar fecha y horas exactas.<\/p><p style=\"text-align: left;\">5.- Realizada la visita y charla\/taller se requerir\u00e1 al docente solicitante firmar y timbrar el formulario impreso e incluir en ello, de ser posible, un breve comentario de la actividad y sugerencias para mejorarlos.<\/p>\t\t\t\t\t\t<\/div>\n\t\t\t\t<\/div>\n\t\t\t\t\t<\/div>\n\t\t<\/div>\n\t\t\t\t\t\t\t<\/div>\n\t\t<\/section>\n\t\t\t\t<section class=\"elementor-section elementor-top-section elementor-element elementor-element-e56bbe1 elementor-section-boxed elementor-section-height-default elementor-section-height-default qodef-elementor-content-no\" data-id=\"e56bbe1\" data-element_type=\"section\">\n\t\t\t\t\t\t<div class=\"elementor-container elementor-column-gap-default\">\n\t\t\t\t\t<div class=\"elementor-column elementor-col-100 elementor-top-column elementor-element elementor-element-6ba90b0\" data-id=\"6ba90b0\" data-element_type=\"column\">\n\t\t\t<div class=\"elementor-widget-wrap\">\n\t\t\t\t\t\t\t\t\t<\/div>\n\t\t<\/div>\n\t\t\t\t\t\t\t<\/div>\n\t\t<\/section>\n\t\t\t\t<section class=\"elementor-section elementor-top-section elementor-element elementor-element-7894998 elementor-section-boxed elementor-section-height-default elementor-section-height-default qodef-elementor-content-no\" data-id=\"7894998\" data-element_type=\"section\">\n\t\t\t\t\t\t<div class=\"elementor-container elementor-column-gap-default\">\n\t\t\t\t\t<div class=\"elementor-column elementor-col-100 elementor-top-column elementor-element elementor-element-3987010\" data-id=\"3987010\" data-element_type=\"column\">\n\t\t\t<div class=\"elementor-widget-wrap\">\n\t\t\t\t\t\t\t\t\t<\/div>\n\t\t<\/div>\n\t\t\t\t\t\t\t<\/div>\n\t\t<\/section>\n\t\t\t\t\t\t\t<\/div>\n\t\t","protected":false},"excerpt":{"rendered":"<p>Sin costo para los colegios interesados, dirigidos a despertar la curiosidad entre las nuevas generaciones de alumna\/os por la f\u00edsica y astronom\u00eda, y dar a conocer a ella\/os oportunidades ofrecidas por los grandes observatorios internacionales presentes y futuros en el Norte de Chile. Todas las actividades est\u00e1n a cargo de alumnos avanzados de la carrera [&hellip;]<\/p>\n","protected":false},"author":7,"featured_media":7351,"parent":0,"menu_order":0,"comment_status":"closed","ping_status":"closed","template":"","meta":{"footnotes":""},"categories":[107],"tags":[],"class_list":["post-9191","page","type-page","status-publish","has-post-thumbnail","hentry","category-uncategorized"],"_links":{"self":[{"href":"https:\/\/cav.uv.cl\/en\/wp-json\/wp\/v2\/pages\/9191","targetHints":{"allow":["GET"]}}],"collection":[{"href":"https:\/\/cav.uv.cl\/en\/wp-json\/wp\/v2\/pages"}],"about":[{"href":"https:\/\/cav.uv.cl\/en\/wp-json\/wp\/v2\/types\/page"}],"author":[{"embeddable":true,"href":"https:\/\/cav.uv.cl\/en\/wp-json\/wp\/v2\/users\/7"}],"replies":[{"embeddable":true,"href":"https:\/\/cav.uv.cl\/en\/wp-json\/wp\/v2\/comments?post=9191"}],"version-history":[{"count":23,"href":"https:\/\/cav.uv.cl\/en\/wp-json\/wp\/v2\/pages\/9191\/revisions"}],"predecessor-version":[{"id":10524,"href":"https:\/\/cav.uv.cl\/en\/wp-json\/wp\/v2\/pages\/9191\/revisions\/10524"}],"wp:featuredmedia":[{"embeddable":true,"href":"https:\/\/cav.uv.cl\/en\/wp-json\/wp\/v2\/media\/7351"}],"wp:attachment":[{"href":"https:\/\/cav.uv.cl\/en\/wp-json\/wp\/v2\/media?parent=9191"}],"wp:term":[{"taxonomy":"category","embeddable":true,"href":"https:\/\/cav.uv.cl\/en\/wp-json\/wp\/v2\/categories?post=9191"},{"taxonomy":"post_tag","embeddable":true,"href":"https:\/\/cav.uv.cl\/en\/wp-json\/wp\/v2\/tags?post=9191"}],"curies":[{"name":"wp","href":"https:\/\/api.w.org\/{rel}","templated":true}]}}