{"id":9684,"date":"2022-06-02T22:23:35","date_gmt":"2022-06-02T22:23:35","guid":{"rendered":"https:\/\/cav.uv.cl\/?page_id=9684"},"modified":"2022-06-02T22:23:40","modified_gmt":"2022-06-02T22:23:40","slug":"productos-de-difusion","status":"publish","type":"page","link":"https:\/\/cav.uv.cl\/en\/productos-de-difusion\/","title":{"rendered":"Productos de difusi\u00f3n"},"content":{"rendered":"\t\t<div data-elementor-type=\"wp-page\" data-elementor-id=\"9684\" class=\"elementor elementor-9684\">\n\t\t\t\t\t\t\t\t\t<section class=\"elementor-section elementor-top-section elementor-element elementor-element-8a1ba51 elementor-section-boxed elementor-section-height-default elementor-section-height-default qodef-elementor-content-no\" data-id=\"8a1ba51\" data-element_type=\"section\" data-settings=\"{&quot;background_background&quot;:&quot;classic&quot;}\">\n\t\t\t\t\t\t<div class=\"elementor-container elementor-column-gap-default\">\n\t\t\t\t\t<div class=\"elementor-column elementor-col-100 elementor-top-column elementor-element elementor-element-4fc180e\" data-id=\"4fc180e\" data-element_type=\"column\">\n\t\t\t<div class=\"elementor-widget-wrap elementor-element-populated\">\n\t\t\t\t\t\t\t\t\t<\/div>\n\t\t<\/div>\n\t\t\t\t\t\t\t<\/div>\n\t\t<\/section>\n\t\t\t\t<section class=\"elementor-section elementor-top-section elementor-element elementor-element-91c680d qodef-elementor-content-grid elementor-section-boxed elementor-section-height-default elementor-section-height-default\" data-id=\"91c680d\" data-element_type=\"section\" data-settings=\"{&quot;background_background&quot;:&quot;classic&quot;}\">\n\t\t\t\t\t\t<div class=\"elementor-container elementor-column-gap-default\">\n\t\t\t\t\t<div class=\"elementor-column elementor-col-50 elementor-top-column elementor-element elementor-element-9f216da\" data-id=\"9f216da\" data-element_type=\"column\">\n\t\t\t<div class=\"elementor-widget-wrap elementor-element-populated\">\n\t\t\t\t\t\t\t\t<div class=\"elementor-element elementor-element-9b0538e elementor-widget elementor-widget-image\" data-id=\"9b0538e\" data-element_type=\"widget\" data-widget_type=\"image.default\">\n\t\t\t\t<div class=\"elementor-widget-container\">\n\t\t\t<style>\/*! elementor - v3.6.7 - 03-07-2022 *\/\n.elementor-widget-image{text-align:center}.elementor-widget-image a{display:inline-block}.elementor-widget-image a img[src$=\".svg\"]{width:48px}.elementor-widget-image img{vertical-align:middle;display:inline-block}<\/style>\t\t\t\t\t\t\t\t\t\t\t\t<img decoding=\"async\" src=\"https:\/\/cav.uv.cl\/wp-content\/plugins\/elementor\/assets\/images\/placeholder.png\" title=\"\" alt=\"\" \/>\t\t\t\t\t\t\t\t\t\t\t\t\t\t\t<\/div>\n\t\t\t\t<\/div>\n\t\t\t\t\t<\/div>\n\t\t<\/div>\n\t\t\t\t<div class=\"elementor-column elementor-col-50 elementor-top-column elementor-element elementor-element-10557c3\" data-id=\"10557c3\" data-element_type=\"column\">\n\t\t\t<div class=\"elementor-widget-wrap elementor-element-populated\">\n\t\t\t\t\t\t\t\t<div class=\"elementor-element elementor-element-197c768 elementor-widget elementor-widget-borgholm_core_section_title\" data-id=\"197c768\" data-element_type=\"widget\" data-widget_type=\"borgholm_core_section_title.default\">\n\t\t\t\t<div class=\"elementor-widget-container\">\n\t\t\t<div class=\"qodef-shortcode qodef-m  qodef-section-title qodef-alignment--left   qodef-animate-special-style\">\n\t\t\t<h3 class=\"qodef-m-title\" >\n\t\t\t\t\tBestiario Astron\u00f3mico\t\t\t<\/h3>\n\t\t<\/div>\t\t<\/div>\n\t\t\t\t<\/div>\n\t\t\t\t<div class=\"elementor-element elementor-element-14e699c elementor-widget elementor-widget-text-editor\" data-id=\"14e699c\" data-element_type=\"widget\" data-widget_type=\"text-editor.default\">\n\t\t\t\t<div class=\"elementor-widget-container\">\n\t\t\t<style>\/*! elementor - v3.6.7 - 03-07-2022 *\/\n.elementor-widget-text-editor.elementor-drop-cap-view-stacked .elementor-drop-cap{background-color:#818a91;color:#fff}.elementor-widget-text-editor.elementor-drop-cap-view-framed .elementor-drop-cap{color:#818a91;border:3px solid;background-color:transparent}.elementor-widget-text-editor:not(.elementor-drop-cap-view-default) .elementor-drop-cap{margin-top:8px}.elementor-widget-text-editor:not(.elementor-drop-cap-view-default) .elementor-drop-cap-letter{width:1em;height:1em}.elementor-widget-text-editor .elementor-drop-cap{float:left;text-align:center;line-height:1;font-size:50px}.elementor-widget-text-editor .elementor-drop-cap-letter{display:inline-block}<\/style>\t\t\t\tLorem fistrum por la gloria de mi madre esse jarl aliqua llevame al sircoo. De la pradera ullamco qu\u00e9 dise usteer est\u00e1 la cosa muy malar.Lorem fistrum por la gloria de mi madre esse jarl aliqua llevame al sircoo. De la pradera ullamco qu\u00e9 dise usteer est\u00e1 la cosa muy malar.Lorem fistrum por la gloria de mi madre esse jarl aliqua llevame al sircoo. De la pradera ullamco qu\u00e9 dise usteer est\u00e1 la cosa muy malar.\t\t\t\t\t\t<\/div>\n\t\t\t\t<\/div>\n\t\t\t\t\t<\/div>\n\t\t<\/div>\n\t\t\t\t\t\t\t<\/div>\n\t\t<\/section>\n\t\t\t\t<section class=\"elementor-section elementor-top-section elementor-element elementor-element-98a7f18 qodef-elementor-content-grid elementor-section-boxed elementor-section-height-default elementor-section-height-default\" data-id=\"98a7f18\" data-element_type=\"section\" data-settings=\"{&quot;background_background&quot;:&quot;classic&quot;}\">\n\t\t\t\t\t\t<div class=\"elementor-container elementor-column-gap-default\">\n\t\t\t\t\t<div class=\"elementor-column elementor-col-50 elementor-top-column elementor-element elementor-element-f4a60d4\" data-id=\"f4a60d4\" data-element_type=\"column\">\n\t\t\t<div class=\"elementor-widget-wrap elementor-element-populated\">\n\t\t\t\t\t\t\t\t<div class=\"elementor-element elementor-element-1850cff elementor-widget elementor-widget-image\" data-id=\"1850cff\" data-element_type=\"widget\" data-widget_type=\"image.default\">\n\t\t\t\t<div class=\"elementor-widget-container\">\n\t\t\t\t\t\t\t\t\t\t\t\t\t\t\t<img decoding=\"async\" src=\"https:\/\/cav.uv.cl\/wp-content\/plugins\/elementor\/assets\/images\/placeholder.png\" title=\"\" alt=\"\" \/>\t\t\t\t\t\t\t\t\t\t\t\t\t\t\t<\/div>\n\t\t\t\t<\/div>\n\t\t\t\t\t<\/div>\n\t\t<\/div>\n\t\t\t\t<div class=\"elementor-column elementor-col-50 elementor-top-column elementor-element elementor-element-9f84478\" data-id=\"9f84478\" data-element_type=\"column\">\n\t\t\t<div class=\"elementor-widget-wrap elementor-element-populated\">\n\t\t\t\t\t\t\t\t<div class=\"elementor-element elementor-element-149decf elementor-widget elementor-widget-borgholm_core_section_title\" data-id=\"149decf\" data-element_type=\"widget\" data-widget_type=\"borgholm_core_section_title.default\">\n\t\t\t\t<div class=\"elementor-widget-container\">\n\t\t\t<div class=\"qodef-shortcode qodef-m  qodef-section-title qodef-alignment--left   qodef-animate-special-style\">\n\t\t\t<h3 class=\"qodef-m-title\" >\n\t\t\t\t\tDisco t\u00e1ctil NPF\t\t\t<\/h3>\n\t\t<\/div>\t\t<\/div>\n\t\t\t\t<\/div>\n\t\t\t\t<div class=\"elementor-element elementor-element-1cef590 elementor-widget elementor-widget-text-editor\" data-id=\"1cef590\" data-element_type=\"widget\" data-widget_type=\"text-editor.default\">\n\t\t\t\t<div class=\"elementor-widget-container\">\n\t\t\t\t\t\t\tLorem fistrum por la gloria de mi madre esse jarl aliqua llevame al sircoo. De la pradera ullamco qu\u00e9 dise usteer est\u00e1 la cosa muy malar.Lorem fistrum por la gloria de mi madre esse jarl aliqua llevame al sircoo. De la pradera ullamco qu\u00e9 dise usteer est\u00e1 la cosa muy malar.Lorem fistrum por la gloria de mi madre esse jarl aliqua llevame al sircoo. De la pradera ullamco qu\u00e9 dise usteer est\u00e1 la cosa muy malar.\t\t\t\t\t\t<\/div>\n\t\t\t\t<\/div>\n\t\t\t\t\t<\/div>\n\t\t<\/div>\n\t\t\t\t\t\t\t<\/div>\n\t\t<\/section>\n\t\t\t\t<section class=\"elementor-section elementor-top-section elementor-element elementor-element-75e244a qodef-elementor-content-grid elementor-section-boxed elementor-section-height-default elementor-section-height-default\" data-id=\"75e244a\" data-element_type=\"section\" data-settings=\"{&quot;background_background&quot;:&quot;classic&quot;}\">\n\t\t\t\t\t\t<div class=\"elementor-container elementor-column-gap-default\">\n\t\t\t\t\t<div class=\"elementor-column elementor-col-50 elementor-top-column elementor-element elementor-element-d6690c2\" data-id=\"d6690c2\" data-element_type=\"column\">\n\t\t\t<div class=\"elementor-widget-wrap elementor-element-populated\">\n\t\t\t\t\t\t\t\t<div class=\"elementor-element elementor-element-be6aaf1 elementor-widget elementor-widget-image\" data-id=\"be6aaf1\" data-element_type=\"widget\" data-widget_type=\"image.default\">\n\t\t\t\t<div class=\"elementor-widget-container\">\n\t\t\t\t\t\t\t\t\t\t\t\t\t\t\t<img decoding=\"async\" src=\"https:\/\/cav.uv.cl\/wp-content\/plugins\/elementor\/assets\/images\/placeholder.png\" title=\"\" alt=\"\" \/>\t\t\t\t\t\t\t\t\t\t\t\t\t\t\t<\/div>\n\t\t\t\t<\/div>\n\t\t\t\t\t<\/div>\n\t\t<\/div>\n\t\t\t\t<div class=\"elementor-column elementor-col-50 elementor-top-column elementor-element elementor-element-18af48b\" data-id=\"18af48b\" data-element_type=\"column\">\n\t\t\t<div class=\"elementor-widget-wrap elementor-element-populated\">\n\t\t\t\t\t\t\t\t<div class=\"elementor-element elementor-element-e340ea8 elementor-widget elementor-widget-borgholm_core_section_title\" data-id=\"e340ea8\" data-element_type=\"widget\" data-widget_type=\"borgholm_core_section_title.default\">\n\t\t\t\t<div class=\"elementor-widget-container\">\n\t\t\t<div class=\"qodef-shortcode qodef-m  qodef-section-title qodef-alignment--left   qodef-animate-special-style\">\n\t\t\t<h3 class=\"qodef-m-title\" >\n\t\t\t\t\tMito &amp; Rali\t\t\t<\/h3>\n\t\t<\/div>\t\t<\/div>\n\t\t\t\t<\/div>\n\t\t\t\t<div class=\"elementor-element elementor-element-f2e6bc0 elementor-widget elementor-widget-text-editor\" data-id=\"f2e6bc0\" data-element_type=\"widget\" data-widget_type=\"text-editor.default\">\n\t\t\t\t<div class=\"elementor-widget-container\">\n\t\t\t\t\t\t\tLorem fistrum por la gloria de mi madre esse jarl aliqua llevame al sircoo. De la pradera ullamco qu\u00e9 dise usteer est\u00e1 la cosa muy malar.Lorem fistrum por la gloria de mi madre esse jarl aliqua llevame al sircoo. De la pradera ullamco qu\u00e9 dise usteer est\u00e1 la cosa muy malar.Lorem fistrum por la gloria de mi madre esse jarl aliqua llevame al sircoo. De la pradera ullamco qu\u00e9 dise usteer est\u00e1 la cosa muy malar.\t\t\t\t\t\t<\/div>\n\t\t\t\t<\/div>\n\t\t\t\t\t<\/div>\n\t\t<\/div>\n\t\t\t\t\t\t\t<\/div>\n\t\t<\/section>\n\t\t\t\t<section class=\"elementor-section elementor-top-section elementor-element elementor-element-1aba45d qodef-elementor-content-grid elementor-section-boxed elementor-section-height-default elementor-section-height-default\" data-id=\"1aba45d\" data-element_type=\"section\" data-settings=\"{&quot;background_background&quot;:&quot;classic&quot;}\">\n\t\t\t\t\t\t<div class=\"elementor-container elementor-column-gap-default\">\n\t\t\t\t\t<div class=\"elementor-column elementor-col-50 elementor-top-column elementor-element elementor-element-d44614c\" data-id=\"d44614c\" data-element_type=\"column\">\n\t\t\t<div class=\"elementor-widget-wrap elementor-element-populated\">\n\t\t\t\t\t\t\t\t<div class=\"elementor-element elementor-element-c6d0661 elementor-widget elementor-widget-image\" data-id=\"c6d0661\" data-element_type=\"widget\" data-widget_type=\"image.default\">\n\t\t\t\t<div class=\"elementor-widget-container\">\n\t\t\t\t\t\t\t\t\t\t\t\t\t\t\t<img decoding=\"async\" src=\"https:\/\/cav.uv.cl\/wp-content\/plugins\/elementor\/assets\/images\/placeholder.png\" title=\"\" alt=\"\" \/>\t\t\t\t\t\t\t\t\t\t\t\t\t\t\t<\/div>\n\t\t\t\t<\/div>\n\t\t\t\t\t<\/div>\n\t\t<\/div>\n\t\t\t\t<div class=\"elementor-column elementor-col-50 elementor-top-column elementor-element elementor-element-8954b13\" data-id=\"8954b13\" data-element_type=\"column\">\n\t\t\t<div class=\"elementor-widget-wrap elementor-element-populated\">\n\t\t\t\t\t\t\t\t<div class=\"elementor-element elementor-element-aa2d0dc elementor-widget elementor-widget-borgholm_core_section_title\" data-id=\"aa2d0dc\" data-element_type=\"widget\" data-widget_type=\"borgholm_core_section_title.default\">\n\t\t\t\t<div class=\"elementor-widget-container\">\n\t\t\t<div class=\"qodef-shortcode qodef-m  qodef-section-title qodef-alignment--left   qodef-animate-special-style\">\n\t\t\t<h3 class=\"qodef-m-title\" >\n\t\t\t\t\tPaseando por el <span class=\"qodef-special-style\">Sistema<\/span> Solar\t\t\t<\/h3>\n\t\t<\/div>\t\t<\/div>\n\t\t\t\t<\/div>\n\t\t\t\t<div class=\"elementor-element elementor-element-d45361e elementor-widget elementor-widget-text-editor\" data-id=\"d45361e\" data-element_type=\"widget\" data-widget_type=\"text-editor.default\">\n\t\t\t\t<div class=\"elementor-widget-container\">\n\t\t\t\t\t\t\tLorem fistrum por la gloria de mi madre esse jarl aliqua llevame al sircoo. De la pradera ullamco qu\u00e9 dise usteer est\u00e1 la cosa muy malar.Lorem fistrum por la gloria de mi madre esse jarl aliqua llevame al sircoo. De la pradera ullamco qu\u00e9 dise usteer est\u00e1 la cosa muy malar.Lorem fistrum por la gloria de mi madre esse jarl aliqua llevame al sircoo. De la pradera ullamco qu\u00e9 dise usteer est\u00e1 la cosa muy malar.\t\t\t\t\t\t<\/div>\n\t\t\t\t<\/div>\n\t\t\t\t\t<\/div>\n\t\t<\/div>\n\t\t\t\t\t\t\t<\/div>\n\t\t<\/section>\n\t\t\t\t<section class=\"elementor-section elementor-top-section elementor-element elementor-element-461849e qodef-elementor-content-grid elementor-section-boxed elementor-section-height-default elementor-section-height-default\" data-id=\"461849e\" data-element_type=\"section\" data-settings=\"{&quot;background_background&quot;:&quot;classic&quot;}\">\n\t\t\t\t\t\t<div class=\"elementor-container elementor-column-gap-default\">\n\t\t\t\t\t<div class=\"elementor-column elementor-col-50 elementor-top-column elementor-element elementor-element-863b834\" data-id=\"863b834\" data-element_type=\"column\">\n\t\t\t<div class=\"elementor-widget-wrap elementor-element-populated\">\n\t\t\t\t\t\t\t\t<div class=\"elementor-element elementor-element-b768b0e elementor-widget elementor-widget-image\" data-id=\"b768b0e\" data-element_type=\"widget\" data-widget_type=\"image.default\">\n\t\t\t\t<div class=\"elementor-widget-container\">\n\t\t\t\t\t\t\t\t\t\t\t\t\t\t\t<img decoding=\"async\" src=\"https:\/\/cav.uv.cl\/wp-content\/plugins\/elementor\/assets\/images\/placeholder.png\" title=\"\" alt=\"\" \/>\t\t\t\t\t\t\t\t\t\t\t\t\t\t\t<\/div>\n\t\t\t\t<\/div>\n\t\t\t\t\t<\/div>\n\t\t<\/div>\n\t\t\t\t<div class=\"elementor-column elementor-col-50 elementor-top-column elementor-element elementor-element-788fd09\" data-id=\"788fd09\" data-element_type=\"column\">\n\t\t\t<div class=\"elementor-widget-wrap elementor-element-populated\">\n\t\t\t\t\t\t\t\t<div class=\"elementor-element elementor-element-fab7b86 elementor-widget elementor-widget-borgholm_core_section_title\" data-id=\"fab7b86\" data-element_type=\"widget\" data-widget_type=\"borgholm_core_section_title.default\">\n\t\t\t\t<div class=\"elementor-widget-container\">\n\t\t\t<div class=\"qodef-shortcode qodef-m  qodef-section-title qodef-alignment--left   qodef-animate-special-style\">\n\t\t\t<h3 class=\"qodef-m-title\" >\n\t\t\t\t\tMuseo virtual\t\t\t<\/h3>\n\t\t<\/div>\t\t<\/div>\n\t\t\t\t<\/div>\n\t\t\t\t<div class=\"elementor-element elementor-element-b8b72c7 elementor-widget elementor-widget-text-editor\" data-id=\"b8b72c7\" data-element_type=\"widget\" data-widget_type=\"text-editor.default\">\n\t\t\t\t<div class=\"elementor-widget-container\">\n\t\t\t\t\t\t\tLorem fistrum por la gloria de mi madre esse jarl aliqua llevame al sircoo. De la pradera ullamco qu\u00e9 dise usteer est\u00e1 la cosa muy malar.Lorem fistrum por la gloria de mi madre esse jarl aliqua llevame al sircoo. De la pradera ullamco qu\u00e9 dise usteer est\u00e1 la cosa muy malar.Lorem fistrum por la gloria de mi madre esse jarl aliqua llevame al sircoo. De la pradera ullamco qu\u00e9 dise usteer est\u00e1 la cosa muy malar.\t\t\t\t\t\t<\/div>\n\t\t\t\t<\/div>\n\t\t\t\t\t<\/div>\n\t\t<\/div>\n\t\t\t\t\t\t\t<\/div>\n\t\t<\/section>\n\t\t\t\t\t\t\t<\/div>\n\t\t","protected":false},"excerpt":{"rendered":"<p>Bestiario Astron\u00f3mico Lorem fistrum por la gloria de mi madre esse jarl aliqua llevame al sircoo. De la pradera ullamco qu\u00e9 dise usteer est\u00e1 la cosa muy malar.Lorem fistrum por la gloria de mi madre esse jarl aliqua llevame al sircoo. De la pradera ullamco qu\u00e9 dise usteer est\u00e1 la cosa muy malar.Lorem fistrum por [&hellip;]<\/p>\n","protected":false},"author":7,"featured_media":0,"parent":0,"menu_order":0,"comment_status":"closed","ping_status":"closed","template":"page-full-width.php","meta":{"footnotes":""},"categories":[],"tags":[],"class_list":["post-9684","page","type-page","status-publish","hentry"],"_links":{"self":[{"href":"https:\/\/cav.uv.cl\/en\/wp-json\/wp\/v2\/pages\/9684","targetHints":{"allow":["GET"]}}],"collection":[{"href":"https:\/\/cav.uv.cl\/en\/wp-json\/wp\/v2\/pages"}],"about":[{"href":"https:\/\/cav.uv.cl\/en\/wp-json\/wp\/v2\/types\/page"}],"author":[{"embeddable":true,"href":"https:\/\/cav.uv.cl\/en\/wp-json\/wp\/v2\/users\/7"}],"replies":[{"embeddable":true,"href":"https:\/\/cav.uv.cl\/en\/wp-json\/wp\/v2\/comments?post=9684"}],"version-history":[{"count":1,"href":"https:\/\/cav.uv.cl\/en\/wp-json\/wp\/v2\/pages\/9684\/revisions"}],"predecessor-version":[{"id":9686,"href":"https:\/\/cav.uv.cl\/en\/wp-json\/wp\/v2\/pages\/9684\/revisions\/9686"}],"wp:attachment":[{"href":"https:\/\/cav.uv.cl\/en\/wp-json\/wp\/v2\/media?parent=9684"}],"wp:term":[{"taxonomy":"category","embeddable":true,"href":"https:\/\/cav.uv.cl\/en\/wp-json\/wp\/v2\/categories?post=9684"},{"taxonomy":"post_tag","embeddable":true,"href":"https:\/\/cav.uv.cl\/en\/wp-json\/wp\/v2\/tags?post=9684"}],"curies":[{"name":"wp","href":"https:\/\/api.w.org\/{rel}","templated":true}]}}