{"id":9690,"date":"2022-03-16T01:01:39","date_gmt":"2022-03-16T01:01:39","guid":{"rendered":"https:\/\/cav.uv.cl\/?page_id=9690"},"modified":"2022-07-05T22:40:10","modified_gmt":"2022-07-05T22:40:10","slug":"recursos","status":"publish","type":"page","link":"https:\/\/cav.uv.cl\/en\/recursos\/","title":{"rendered":"Resources"},"content":{"rendered":"\t\t<div data-elementor-type=\"wp-page\" data-elementor-id=\"9690\" class=\"elementor elementor-9690\">\n\t\t\t\t\t\t\t\t\t<section class=\"elementor-section elementor-top-section elementor-element elementor-element-f52e7ff elementor-section-boxed elementor-section-height-default elementor-section-height-default qodef-elementor-content-no\" data-id=\"f52e7ff\" data-element_type=\"section\">\n\t\t\t\t\t\t<div class=\"elementor-container elementor-column-gap-default\">\n\t\t\t\t\t<div class=\"elementor-column elementor-col-100 elementor-top-column elementor-element elementor-element-23e2d87\" data-id=\"23e2d87\" data-element_type=\"column\">\n\t\t\t<div class=\"elementor-widget-wrap elementor-element-populated\">\n\t\t\t\t\t\t\t\t<div class=\"elementor-element elementor-element-f79d521 elementor-grid-3 elementor-grid-tablet-2 elementor-grid-mobile-1 elementor-widget elementor-widget-eael-betterdocs-category-grid\" data-id=\"f79d521\" data-element_type=\"widget\" data-settings=\"{&quot;grid_column&quot;:&quot;3&quot;,&quot;grid_column_tablet&quot;:&quot;2&quot;,&quot;grid_column_mobile&quot;:&quot;1&quot;}\" data-widget_type=\"eael-betterdocs-category-grid.default\">\n\t\t\t\t<div class=\"elementor-widget-container\">\n\t\t\t<p class=\"no-posts-found\">No posts found!<\/p><div id=\"eael-bd-cat-grid-f79d521\" class=\"eael-better-docs-category-grid-wrapper\"><div class=\"eael-better-docs-category-grid grid\" data-layout-mode=\"grid\"><\/div><div class=\"clearfix\"><\/div><\/div>\t\t<\/div>\n\t\t\t\t<\/div>\n\t\t\t\t\t<\/div>\n\t\t<\/div>\n\t\t\t\t\t\t\t<\/div>\n\t\t<\/section>\n\t\t\t\t\t\t\t<\/div>\n\t\t","protected":false},"excerpt":{"rendered":"<p>Categor\u00eda 1 documentos 1 Logos institucionales Categor\u00eda 2 documentos 1 T\u00edtulo del documento<\/p>\n","protected":false},"author":7,"featured_media":7351,"parent":0,"menu_order":0,"comment_status":"closed","ping_status":"closed","template":"","meta":{"footnotes":""},"categories":[107],"tags":[],"class_list":["post-9690","page","type-page","status-publish","has-post-thumbnail","hentry","category-uncategorized"],"_links":{"self":[{"href":"https:\/\/cav.uv.cl\/en\/wp-json\/wp\/v2\/pages\/9690","targetHints":{"allow":["GET"]}}],"collection":[{"href":"https:\/\/cav.uv.cl\/en\/wp-json\/wp\/v2\/pages"}],"about":[{"href":"https:\/\/cav.uv.cl\/en\/wp-json\/wp\/v2\/types\/page"}],"author":[{"embeddable":true,"href":"https:\/\/cav.uv.cl\/en\/wp-json\/wp\/v2\/users\/7"}],"replies":[{"embeddable":true,"href":"https:\/\/cav.uv.cl\/en\/wp-json\/wp\/v2\/comments?post=9690"}],"version-history":[{"count":26,"href":"https:\/\/cav.uv.cl\/en\/wp-json\/wp\/v2\/pages\/9690\/revisions"}],"predecessor-version":[{"id":10515,"href":"https:\/\/cav.uv.cl\/en\/wp-json\/wp\/v2\/pages\/9690\/revisions\/10515"}],"wp:featuredmedia":[{"embeddable":true,"href":"https:\/\/cav.uv.cl\/en\/wp-json\/wp\/v2\/media\/7351"}],"wp:attachment":[{"href":"https:\/\/cav.uv.cl\/en\/wp-json\/wp\/v2\/media?parent=9690"}],"wp:term":[{"taxonomy":"category","embeddable":true,"href":"https:\/\/cav.uv.cl\/en\/wp-json\/wp\/v2\/categories?post=9690"},{"taxonomy":"post_tag","embeddable":true,"href":"https:\/\/cav.uv.cl\/en\/wp-json\/wp\/v2\/tags?post=9690"}],"curies":[{"name":"wp","href":"https:\/\/api.w.org\/{rel}","templated":true}]}}